{"id":593,"date":"2017-10-10T14:19:46","date_gmt":"2017-10-10T12:19:46","guid":{"rendered":"http:\/\/www.smoc.fr\/?page_id=593"},"modified":"2022-05-23T17:53:44","modified_gmt":"2022-05-23T15:53:44","slug":"cremailleres-de-roulage","status":"publish","type":"page","link":"https:\/\/www.smoc.fr\/fr\/produits\/broches\/cremailleres-de-roulage\/","title":{"rendered":"Cr\u00e9maill\u00e8res de roulage"},"content":{"rendered":"[vc_row type=\u00a0\u00bbin_container\u00a0\u00bb full_screen_row_position=\u00a0\u00bbmiddle\u00a0\u00bb column_margin=\u00a0\u00bbdefault\u00a0\u00bb column_direction=\u00a0\u00bbdefault\u00a0\u00bb column_direction_tablet=\u00a0\u00bbdefault\u00a0\u00bb column_direction_phone=\u00a0\u00bbdefault\u00a0\u00bb scene_position=\u00a0\u00bbcenter\u00a0\u00bb text_color=\u00a0\u00bbdark\u00a0\u00bb text_align=\u00a0\u00bbleft\u00a0\u00bb row_border_radius=\u00a0\u00bbnone\u00a0\u00bb row_border_radius_applies=\u00a0\u00bbbg\u00a0\u00bb overflow=\u00a0\u00bbvisible\u00a0\u00bb overlay_strength=\u00a0\u00bb0.3&Prime; gradient_direction=\u00a0\u00bbleft_to_right\u00a0\u00bb shape_divider_position=\u00a0\u00bbbottom\u00a0\u00bb bg_image_animation=\u00a0\u00bbnone\u00a0\u00bb shape_type=\u00a0\u00bb\u00a0\u00bb][vc_column column_padding=\u00a0\u00bbno-extra-padding\u00a0\u00bb column_padding_tablet=\u00a0\u00bbinherit\u00a0\u00bb column_padding_phone=\u00a0\u00bbinherit\u00a0\u00bb column_padding_position=\u00a0\u00bball\u00a0\u00bb column_element_spacing=\u00a0\u00bbdefault\u00a0\u00bb background_color_opacity=\u00a0\u00bb1&Prime; background_hover_color_opacity=\u00a0\u00bb1&Prime; column_shadow=\u00a0\u00bbnone\u00a0\u00bb column_border_radius=\u00a0\u00bbnone\u00a0\u00bb column_link_target=\u00a0\u00bb_self\u00a0\u00bb column_position=\u00a0\u00bbdefault\u00a0\u00bb gradient_direction=\u00a0\u00bbleft_to_right\u00a0\u00bb overlay_strength=\u00a0\u00bb0.3&Prime; width=\u00a0\u00bb1\/2&Prime; tablet_width_inherit=\u00a0\u00bbdefault\u00a0\u00bb tablet_text_alignment=\u00a0\u00bbdefault\u00a0\u00bb phone_text_alignment=\u00a0\u00bbdefault\u00a0\u00bb animation_type=\u00a0\u00bbdefault\u00a0\u00bb bg_image_animation=\u00a0\u00bbnone\u00a0\u00bb border_type=\u00a0\u00bbsimple\u00a0\u00bb column_border_width=\u00a0\u00bbnone\u00a0\u00bb column_border_style=\u00a0\u00bbsolid\u00a0\u00bb][divider line_type=\u00a0\u00bbNo Line\u00a0\u00bb custom_height=\u00a0\u00bb130&Prime;][vc_column_text]\n<h2 id=\"product_title\" style=\"float: right; color: #003f85;\">CR\u00c9MAILL\u00c8RES DE ROULAGE<\/h2>\n[\/vc_column_text][vc_column_text]\n<hr id=\"product_hr\" class=\"product_hr\" align=\"left\" \/>\n[\/vc_column_text][divider line_type=\u00a0\u00bbNo Line\u00a0\u00bb custom_height=\u00a0\u00bb80&Prime;][vc_column_text]\n<p style=\"text-align: left;\">Plus qu\u2019un simple fabricant de broches, SMOC Industries se positionne comme un v\u00e9ritable <strong>partenaire<\/strong> par sa capacit\u00e9 \u00e0 vous accompagner durant le cycle de vie complet de vos produits et en proposant une gestion compl\u00e8te de votre parc d\u2019outils de brochage.<\/p>\n<p style=\"text-align: left;\">SMOC Industries vous propose des <strong>cr\u00e9maill\u00e8res de roulage<\/strong> qui vous permettront de r\u00e9aliser vos projets industriels.<\/p>\n<p>Nous vous proposons \u00e9galement de <strong>reconditionner<\/strong> vos anciennes cr\u00e9maill\u00e8res pour leur donner une nouvelle vie, et vous permettre de fabriquer vos produits de nouveau.<\/p>\n<p style=\"text-align: left;\">Nous pouvons vous accompagner d\u00e8s la conception de votre produit fini pour \u00e9laborer un processus industriel ainsi que la broche adapt\u00e9e pour que <strong>votre projet soit un succ\u00e8s<\/strong>.<\/p>\n[\/vc_column_text][\/vc_column][vc_column column_padding=\u00a0\u00bbno-extra-padding\u00a0\u00bb column_padding_tablet=\u00a0\u00bbinherit\u00a0\u00bb column_padding_phone=\u00a0\u00bbinherit\u00a0\u00bb column_padding_position=\u00a0\u00bball\u00a0\u00bb top_margin=\u00a0\u00bb-90&Prime; column_element_spacing=\u00a0\u00bbdefault\u00a0\u00bb background_color_opacity=\u00a0\u00bb1&Prime; background_hover_color_opacity=\u00a0\u00bb1&Prime; column_shadow=\u00a0\u00bbnone\u00a0\u00bb column_border_radius=\u00a0\u00bbnone\u00a0\u00bb column_link_target=\u00a0\u00bb_self\u00a0\u00bb column_position=\u00a0\u00bbdefault\u00a0\u00bb gradient_direction=\u00a0\u00bbleft_to_right\u00a0\u00bb overlay_strength=\u00a0\u00bb0.3&Prime; width=\u00a0\u00bb1\/2&Prime; tablet_width_inherit=\u00a0\u00bbdefault\u00a0\u00bb tablet_text_alignment=\u00a0\u00bbdefault\u00a0\u00bb phone_text_alignment=\u00a0\u00bbdefault\u00a0\u00bb animation_type=\u00a0\u00bbdefault\u00a0\u00bb bg_image_animation=\u00a0\u00bbnone\u00a0\u00bb border_type=\u00a0\u00bbsimple\u00a0\u00bb column_border_width=\u00a0\u00bbnone\u00a0\u00bb column_border_style=\u00a0\u00bbsolid\u00a0\u00bb][carousel script=\u00a0\u00bbflickity\u00a0\u00bb flickity_formatting=\u00a0\u00bbdefault\u00a0\u00bb desktop_cols_flickity=\u00a0\u00bb1&Prime; desktop_small_cols_flickity=\u00a0\u00bb1&Prime; tablet_cols_flickity=\u00a0\u00bb1&Prime; flickity_controls=\u00a0\u00bbdefault\u00a0\u00bb color=\u00a0\u00bbdefault\u00a0\u00bb flickity_overflow=\u00a0\u00bbhidden\u00a0\u00bb flickity_wrap_around=\u00a0\u00bbwrap\u00a0\u00bb pagination_alignment_flickity=\u00a0\u00bbdefault\u00a0\u00bb flickity_spacing=\u00a0\u00bbdefault\u00a0\u00bb flickity_column_vertical_alignment=\u00a0\u00bbdefault\u00a0\u00bb column_padding=\u00a0\u00bb0&Prime; flickity_element_spacing=\u00a0\u00bbdefault\u00a0\u00bb border_radius=\u00a0\u00bbnone\u00a0\u00bb autorotate=\u00a0\u00bbtrue\u00a0\u00bb][item simple_slider_bg_image_position=\u00a0\u00bbdefault\u00a0\u00bb simple_slider_overlay_strength=\u00a0\u00bb0.3&Prime; simple_slider_bg_image_loading=\u00a0\u00bbdefault\u00a0\u00bb id=\u00a0\u00bb1653320739895-0&Prime; title=\u00a0\u00bb\u00c9l\u00e9ment\u00a0\u00bb tab_id=\u00a0\u00bb1653320739896-6&Prime;][image_with_animation image_url=\u00a0\u00bb2476&Prime; image_size=\u00a0\u00bbfull\u00a0\u00bb animation_type=\u00a0\u00bbentrance\u00a0\u00bb animation=\u00a0\u00bbFade In\u00a0\u00bb hover_animation=\u00a0\u00bbnone\u00a0\u00bb alignment=\u00a0\u00bb\u00a0\u00bb border_radius=\u00a0\u00bbnone\u00a0\u00bb box_shadow=\u00a0\u00bbnone\u00a0\u00bb image_loading=\u00a0\u00bbdefault\u00a0\u00bb max_width=\u00a0\u00bb100%\u00a0\u00bb max_width_mobile=\u00a0\u00bbdefault\u00a0\u00bb][\/item][item simple_slider_bg_image_position=\u00a0\u00bbdefault\u00a0\u00bb simple_slider_overlay_strength=\u00a0\u00bb0.3&Prime; simple_slider_bg_image_loading=\u00a0\u00bbdefault\u00a0\u00bb id=\u00a0\u00bb1653320739919-2&Prime; title=\u00a0\u00bb\u00c9l\u00e9ment\u00a0\u00bb tab_id=\u00a0\u00bb1653320739920-7&Prime;][image_with_animation image_url=\u00a0\u00bb2382&Prime; image_size=\u00a0\u00bbfull\u00a0\u00bb animation_type=\u00a0\u00bbentrance\u00a0\u00bb animation=\u00a0\u00bbFade In\u00a0\u00bb hover_animation=\u00a0\u00bbnone\u00a0\u00bb alignment=\u00a0\u00bb\u00a0\u00bb border_radius=\u00a0\u00bbnone\u00a0\u00bb box_shadow=\u00a0\u00bbnone\u00a0\u00bb image_loading=\u00a0\u00bbdefault\u00a0\u00bb max_width=\u00a0\u00bb100%\u00a0\u00bb max_width_mobile=\u00a0\u00bbdefault\u00a0\u00bb][\/item][\/carousel][\/vc_column][\/vc_row]\n","protected":false},"excerpt":{"rendered":"<p>[vc_row type=\u00a0\u00bbin_container\u00a0\u00bb full_screen_row_position=\u00a0\u00bbmiddle\u00a0\u00bb column_margin=\u00a0\u00bbdefault\u00a0\u00bb column_direction=\u00a0\u00bbdefault\u00a0\u00bb column_direction_tablet=\u00a0\u00bbdefault\u00a0\u00bb column_direction_phone=\u00a0\u00bbdefault\u00a0\u00bb scene_position=\u00a0\u00bbcenter\u00a0\u00bb text_color=\u00a0\u00bbdark\u00a0\u00bb text_align=\u00a0\u00bbleft\u00a0\u00bb row_border_radius=\u00a0\u00bbnone\u00a0\u00bb row_border_radius_applies=\u00a0\u00bbbg\u00a0\u00bb overflow=\u00a0\u00bbvisible\u00a0\u00bb overlay_strength=\u00a0\u00bb0.3&Prime; gradient_direction=\u00a0\u00bbleft_to_right\u00a0\u00bb shape_divider_position=\u00a0\u00bbbottom\u00a0\u00bb bg_image_animation=\u00a0\u00bbnone\u00a0\u00bb shape_type=\u00a0\u00bb\u00a0\u00bb][vc_column column_padding=\u00a0\u00bbno-extra-padding\u00a0\u00bb column_padding_tablet=\u00a0\u00bbinherit\u00a0\u00bb column_padding_phone=\u00a0\u00bbinherit\u00a0\u00bb column_padding_position=\u00a0\u00bball\u00a0\u00bb column_element_spacing=\u00a0\u00bbdefault\u00a0\u00bb background_color_opacity=\u00a0\u00bb1&Prime; background_hover_color_opacity=\u00a0\u00bb1&Prime; column_shadow=\u00a0\u00bbnone\u00a0\u00bb column_border_radius=\u00a0\u00bbnone\u00a0\u00bb column_link_target=\u00a0\u00bb_self\u00a0\u00bb column_position=\u00a0\u00bbdefault\u00a0\u00bb gradient_direction=\u00a0\u00bbleft_to_right\u00a0\u00bb&#8230;<\/p>\n","protected":false},"author":3,"featured_media":0,"parent":585,"menu_order":0,"comment_status":"closed","ping_status":"closed","template":"","meta":{"footnotes":""},"class_list":["post-593","page","type-page","status-publish"],"yoast_head":"<!-- This site is optimized with the Yoast SEO plugin v27.4 - https:\/\/yoast.com\/product\/yoast-seo-wordpress\/ -->\n<title>Cr\u00e9maill\u00e8res de roulage - SMOC Industries<\/title>\n<meta name=\"robots\" content=\"index, follow, max-snippet:-1, max-image-preview:large, max-video-preview:-1\" \/>\n<link rel=\"canonical\" href=\"https:\/\/www.smoc.fr\/fr\/produits\/broches\/cremailleres-de-roulage\/\" \/>\n<meta property=\"og:locale\" content=\"fr_FR\" \/>\n<meta property=\"og:type\" content=\"article\" \/>\n<meta property=\"og:title\" content=\"Cr\u00e9maill\u00e8res de roulage - SMOC Industries\" \/>\n<meta property=\"og:description\" content=\"[vc_row type=\u00a0\u00bbin_container\u00a0\u00bb full_screen_row_position=\u00a0\u00bbmiddle\u00a0\u00bb column_margin=\u00a0\u00bbdefault\u00a0\u00bb column_direction=\u00a0\u00bbdefault\u00a0\u00bb column_direction_tablet=\u00a0\u00bbdefault\u00a0\u00bb column_direction_phone=\u00a0\u00bbdefault\u00a0\u00bb scene_position=\u00a0\u00bbcenter\u00a0\u00bb text_color=\u00a0\u00bbdark\u00a0\u00bb text_align=\u00a0\u00bbleft\u00a0\u00bb row_border_radius=\u00a0\u00bbnone\u00a0\u00bb row_border_radius_applies=\u00a0\u00bbbg\u00a0\u00bb overflow=\u00a0\u00bbvisible\u00a0\u00bb overlay_strength=\u00a0\u00bb0.3&Prime; gradient_direction=\u00a0\u00bbleft_to_right\u00a0\u00bb shape_divider_position=\u00a0\u00bbbottom\u00a0\u00bb bg_image_animation=\u00a0\u00bbnone\u00a0\u00bb shape_type=\u00a0\u00bb\u00a0\u00bb][vc_column column_padding=\u00a0\u00bbno-extra-padding\u00a0\u00bb column_padding_tablet=\u00a0\u00bbinherit\u00a0\u00bb column_padding_phone=\u00a0\u00bbinherit\u00a0\u00bb column_padding_position=\u00a0\u00bball\u00a0\u00bb column_element_spacing=\u00a0\u00bbdefault\u00a0\u00bb background_color_opacity=\u00a0\u00bb1&Prime; background_hover_color_opacity=\u00a0\u00bb1&Prime; column_shadow=\u00a0\u00bbnone\u00a0\u00bb column_border_radius=\u00a0\u00bbnone\u00a0\u00bb column_link_target=\u00a0\u00bb_self\u00a0\u00bb column_position=\u00a0\u00bbdefault\u00a0\u00bb gradient_direction=\u00a0\u00bbleft_to_right\u00a0\u00bb...\" \/>\n<meta property=\"og:url\" content=\"https:\/\/www.smoc.fr\/fr\/produits\/broches\/cremailleres-de-roulage\/\" \/>\n<meta property=\"og:site_name\" content=\"SMOC Industries\" \/>\n<meta property=\"article:publisher\" content=\"https:\/\/www.facebook.com\/smocindustries\/\" \/>\n<meta property=\"article:modified_time\" content=\"2022-05-23T15:53:44+00:00\" \/>\n<meta name=\"twitter:card\" content=\"summary_large_image\" \/>\n<meta name=\"twitter:label1\" content=\"Dur\u00e9e de lecture estim\u00e9e\" \/>\n\t<meta name=\"twitter:data1\" content=\"3 minutes\" \/>\n<script type=\"application\/ld+json\" class=\"yoast-schema-graph\">{\"@context\":\"https:\\\/\\\/schema.org\",\"@graph\":[{\"@type\":\"WebPage\",\"@id\":\"https:\\\/\\\/www.smoc.fr\\\/fr\\\/produits\\\/broches\\\/cremailleres-de-roulage\\\/\",\"url\":\"https:\\\/\\\/www.smoc.fr\\\/fr\\\/produits\\\/broches\\\/cremailleres-de-roulage\\\/\",\"name\":\"Cr\u00e9maill\u00e8res de roulage - SMOC Industries\",\"isPartOf\":{\"@id\":\"https:\\\/\\\/www.smoc.fr\\\/#website\"},\"datePublished\":\"2017-10-10T12:19:46+00:00\",\"dateModified\":\"2022-05-23T15:53:44+00:00\",\"breadcrumb\":{\"@id\":\"https:\\\/\\\/www.smoc.fr\\\/fr\\\/produits\\\/broches\\\/cremailleres-de-roulage\\\/#breadcrumb\"},\"inLanguage\":\"fr-FR\",\"potentialAction\":[{\"@type\":\"ReadAction\",\"target\":[\"https:\\\/\\\/www.smoc.fr\\\/fr\\\/produits\\\/broches\\\/cremailleres-de-roulage\\\/\"]}]},{\"@type\":\"BreadcrumbList\",\"@id\":\"https:\\\/\\\/www.smoc.fr\\\/fr\\\/produits\\\/broches\\\/cremailleres-de-roulage\\\/#breadcrumb\",\"itemListElement\":[{\"@type\":\"ListItem\",\"position\":1,\"name\":\"Accueil\",\"item\":\"https:\\\/\\\/www.smoc.fr\\\/fr\\\/\"},{\"@type\":\"ListItem\",\"position\":2,\"name\":\"PRODUITS\",\"item\":\"https:\\\/\\\/www.smoc.fr\\\/fr\\\/produits\\\/\"},{\"@type\":\"ListItem\",\"position\":3,\"name\":\"Broches\",\"item\":\"https:\\\/\\\/www.smoc.fr\\\/fr\\\/produits\\\/broches\\\/\"},{\"@type\":\"ListItem\",\"position\":4,\"name\":\"Cr\u00e9maill\u00e8res de roulage\"}]},{\"@type\":\"WebSite\",\"@id\":\"https:\\\/\\\/www.smoc.fr\\\/#website\",\"url\":\"https:\\\/\\\/www.smoc.fr\\\/\",\"name\":\"SMOC Industries\",\"description\":\"Taill\u00e9 pour la forme\",\"publisher\":{\"@id\":\"https:\\\/\\\/www.smoc.fr\\\/#organization\"},\"potentialAction\":[{\"@type\":\"SearchAction\",\"target\":{\"@type\":\"EntryPoint\",\"urlTemplate\":\"https:\\\/\\\/www.smoc.fr\\\/?s={search_term_string}\"},\"query-input\":{\"@type\":\"PropertyValueSpecification\",\"valueRequired\":true,\"valueName\":\"search_term_string\"}}],\"inLanguage\":\"fr-FR\"},{\"@type\":\"Organization\",\"@id\":\"https:\\\/\\\/www.smoc.fr\\\/#organization\",\"name\":\"SMOC Industries\",\"url\":\"https:\\\/\\\/www.smoc.fr\\\/\",\"logo\":{\"@type\":\"ImageObject\",\"inLanguage\":\"fr-FR\",\"@id\":\"https:\\\/\\\/www.smoc.fr\\\/#\\\/schema\\\/logo\\\/image\\\/\",\"url\":\"http:\\\/\\\/www.smoc.fr\\\/wp-content\\\/uploads\\\/2017\\\/06\\\/SMOC_logo.png\",\"contentUrl\":\"http:\\\/\\\/www.smoc.fr\\\/wp-content\\\/uploads\\\/2017\\\/06\\\/SMOC_logo.png\",\"width\":579,\"height\":182,\"caption\":\"SMOC Industries\"},\"image\":{\"@id\":\"https:\\\/\\\/www.smoc.fr\\\/#\\\/schema\\\/logo\\\/image\\\/\"},\"sameAs\":[\"https:\\\/\\\/www.facebook.com\\\/smocindustries\\\/\"]}]}<\/script>\n<!-- \/ Yoast SEO plugin. -->","yoast_head_json":{"title":"Cr\u00e9maill\u00e8res de roulage - SMOC Industries","robots":{"index":"index","follow":"follow","max-snippet":"max-snippet:-1","max-image-preview":"max-image-preview:large","max-video-preview":"max-video-preview:-1"},"canonical":"https:\/\/www.smoc.fr\/fr\/produits\/broches\/cremailleres-de-roulage\/","og_locale":"fr_FR","og_type":"article","og_title":"Cr\u00e9maill\u00e8res de roulage - SMOC Industries","og_description":"[vc_row type=\u00a0\u00bbin_container\u00a0\u00bb full_screen_row_position=\u00a0\u00bbmiddle\u00a0\u00bb column_margin=\u00a0\u00bbdefault\u00a0\u00bb column_direction=\u00a0\u00bbdefault\u00a0\u00bb column_direction_tablet=\u00a0\u00bbdefault\u00a0\u00bb column_direction_phone=\u00a0\u00bbdefault\u00a0\u00bb scene_position=\u00a0\u00bbcenter\u00a0\u00bb text_color=\u00a0\u00bbdark\u00a0\u00bb text_align=\u00a0\u00bbleft\u00a0\u00bb row_border_radius=\u00a0\u00bbnone\u00a0\u00bb row_border_radius_applies=\u00a0\u00bbbg\u00a0\u00bb overflow=\u00a0\u00bbvisible\u00a0\u00bb overlay_strength=\u00a0\u00bb0.3&Prime; gradient_direction=\u00a0\u00bbleft_to_right\u00a0\u00bb shape_divider_position=\u00a0\u00bbbottom\u00a0\u00bb bg_image_animation=\u00a0\u00bbnone\u00a0\u00bb shape_type=\u00a0\u00bb\u00a0\u00bb][vc_column column_padding=\u00a0\u00bbno-extra-padding\u00a0\u00bb column_padding_tablet=\u00a0\u00bbinherit\u00a0\u00bb column_padding_phone=\u00a0\u00bbinherit\u00a0\u00bb column_padding_position=\u00a0\u00bball\u00a0\u00bb column_element_spacing=\u00a0\u00bbdefault\u00a0\u00bb background_color_opacity=\u00a0\u00bb1&Prime; background_hover_color_opacity=\u00a0\u00bb1&Prime; column_shadow=\u00a0\u00bbnone\u00a0\u00bb column_border_radius=\u00a0\u00bbnone\u00a0\u00bb column_link_target=\u00a0\u00bb_self\u00a0\u00bb column_position=\u00a0\u00bbdefault\u00a0\u00bb gradient_direction=\u00a0\u00bbleft_to_right\u00a0\u00bb...","og_url":"https:\/\/www.smoc.fr\/fr\/produits\/broches\/cremailleres-de-roulage\/","og_site_name":"SMOC Industries","article_publisher":"https:\/\/www.facebook.com\/smocindustries\/","article_modified_time":"2022-05-23T15:53:44+00:00","twitter_card":"summary_large_image","twitter_misc":{"Dur\u00e9e de lecture estim\u00e9e":"3 minutes"},"schema":{"@context":"https:\/\/schema.org","@graph":[{"@type":"WebPage","@id":"https:\/\/www.smoc.fr\/fr\/produits\/broches\/cremailleres-de-roulage\/","url":"https:\/\/www.smoc.fr\/fr\/produits\/broches\/cremailleres-de-roulage\/","name":"Cr\u00e9maill\u00e8res de roulage - SMOC Industries","isPartOf":{"@id":"https:\/\/www.smoc.fr\/#website"},"datePublished":"2017-10-10T12:19:46+00:00","dateModified":"2022-05-23T15:53:44+00:00","breadcrumb":{"@id":"https:\/\/www.smoc.fr\/fr\/produits\/broches\/cremailleres-de-roulage\/#breadcrumb"},"inLanguage":"fr-FR","potentialAction":[{"@type":"ReadAction","target":["https:\/\/www.smoc.fr\/fr\/produits\/broches\/cremailleres-de-roulage\/"]}]},{"@type":"BreadcrumbList","@id":"https:\/\/www.smoc.fr\/fr\/produits\/broches\/cremailleres-de-roulage\/#breadcrumb","itemListElement":[{"@type":"ListItem","position":1,"name":"Accueil","item":"https:\/\/www.smoc.fr\/fr\/"},{"@type":"ListItem","position":2,"name":"PRODUITS","item":"https:\/\/www.smoc.fr\/fr\/produits\/"},{"@type":"ListItem","position":3,"name":"Broches","item":"https:\/\/www.smoc.fr\/fr\/produits\/broches\/"},{"@type":"ListItem","position":4,"name":"Cr\u00e9maill\u00e8res de roulage"}]},{"@type":"WebSite","@id":"https:\/\/www.smoc.fr\/#website","url":"https:\/\/www.smoc.fr\/","name":"SMOC Industries","description":"Taill\u00e9 pour la forme","publisher":{"@id":"https:\/\/www.smoc.fr\/#organization"},"potentialAction":[{"@type":"SearchAction","target":{"@type":"EntryPoint","urlTemplate":"https:\/\/www.smoc.fr\/?s={search_term_string}"},"query-input":{"@type":"PropertyValueSpecification","valueRequired":true,"valueName":"search_term_string"}}],"inLanguage":"fr-FR"},{"@type":"Organization","@id":"https:\/\/www.smoc.fr\/#organization","name":"SMOC Industries","url":"https:\/\/www.smoc.fr\/","logo":{"@type":"ImageObject","inLanguage":"fr-FR","@id":"https:\/\/www.smoc.fr\/#\/schema\/logo\/image\/","url":"http:\/\/www.smoc.fr\/wp-content\/uploads\/2017\/06\/SMOC_logo.png","contentUrl":"http:\/\/www.smoc.fr\/wp-content\/uploads\/2017\/06\/SMOC_logo.png","width":579,"height":182,"caption":"SMOC Industries"},"image":{"@id":"https:\/\/www.smoc.fr\/#\/schema\/logo\/image\/"},"sameAs":["https:\/\/www.facebook.com\/smocindustries\/"]}]}},"_links":{"self":[{"href":"https:\/\/www.smoc.fr\/fr\/wp-json\/wp\/v2\/pages\/593","targetHints":{"allow":["GET"]}}],"collection":[{"href":"https:\/\/www.smoc.fr\/fr\/wp-json\/wp\/v2\/pages"}],"about":[{"href":"https:\/\/www.smoc.fr\/fr\/wp-json\/wp\/v2\/types\/page"}],"author":[{"embeddable":true,"href":"https:\/\/www.smoc.fr\/fr\/wp-json\/wp\/v2\/users\/3"}],"replies":[{"embeddable":true,"href":"https:\/\/www.smoc.fr\/fr\/wp-json\/wp\/v2\/comments?post=593"}],"version-history":[{"count":16,"href":"https:\/\/www.smoc.fr\/fr\/wp-json\/wp\/v2\/pages\/593\/revisions"}],"predecessor-version":[{"id":2824,"href":"https:\/\/www.smoc.fr\/fr\/wp-json\/wp\/v2\/pages\/593\/revisions\/2824"}],"up":[{"embeddable":true,"href":"https:\/\/www.smoc.fr\/fr\/wp-json\/wp\/v2\/pages\/585"}],"wp:attachment":[{"href":"https:\/\/www.smoc.fr\/fr\/wp-json\/wp\/v2\/media?parent=593"}],"curies":[{"name":"wp","href":"https:\/\/api.w.org\/{rel}","templated":true}]}}