{"id":586,"date":"2017-10-10T14:19:17","date_gmt":"2017-10-10T12:19:17","guid":{"rendered":"http:\/\/www.smoc.fr\/?page_id=586"},"modified":"2017-12-04T16:22:05","modified_gmt":"2017-12-04T15:22:05","slug":"machines","status":"publish","type":"page","link":"https:\/\/www.smoc.fr\/fr\/produits\/machines\/","title":{"rendered":"Machines"},"content":{"rendered":"[vc_column column_padding=\u00a0\u00bbno-extra-padding\u00a0\u00bb column_padding_position=\u00a0\u00bball\u00a0\u00bb background_color_opacity=\u00a0\u00bb1&Prime; background_hover_color_opacity=\u00a0\u00bb1&Prime; column_shadow=\u00a0\u00bbnone\u00a0\u00bb column_border_radius=\u00a0\u00bbnone\u00a0\u00bb width=\u00a0\u00bb1\/1&Prime; tablet_text_alignment=\u00a0\u00bbdefault\u00a0\u00bb phone_text_alignment=\u00a0\u00bbdefault\u00a0\u00bb column_border_width=\u00a0\u00bbnone\u00a0\u00bb column_border_style=\u00a0\u00bbsolid\u00a0\u00bb][\/vc_column][vc_row type=\u00a0\u00bbin_container\u00a0\u00bb full_screen_row_position=\u00a0\u00bbmiddle\u00a0\u00bb scene_position=\u00a0\u00bbcenter\u00a0\u00bb text_color=\u00a0\u00bbdark\u00a0\u00bb text_align=\u00a0\u00bbleft\u00a0\u00bb overlay_strength=\u00a0\u00bb0.3&Prime; shape_divider_position=\u00a0\u00bbbottom\u00a0\u00bb][\/vc_row][vc_column column_padding=\u00a0\u00bbno-extra-padding\u00a0\u00bb column_padding_position=\u00a0\u00bball\u00a0\u00bb background_color_opacity=\u00a0\u00bb1&Prime; background_hover_color_opacity=\u00a0\u00bb1&Prime; column_shadow=\u00a0\u00bbnone\u00a0\u00bb column_border_radius=\u00a0\u00bbnone\u00a0\u00bb width=\u00a0\u00bb1\/1&Prime; tablet_text_alignment=\u00a0\u00bbdefault\u00a0\u00bb phone_text_alignment=\u00a0\u00bbdefault\u00a0\u00bb column_border_width=\u00a0\u00bbnone\u00a0\u00bb column_border_style=\u00a0\u00bbsolid\u00a0\u00bb][\/vc_column][divider line_type=\u00a0\u00bbNo Line\u00a0\u00bb custom_height=\u00a0\u00bb30&Prime;][vc_column_text]\n<h2 class=\"th2\">Les machines<\/h2>\n[\/vc_column_text][divider line_type=\u00a0\u00bbNo Line\u00a0\u00bb custom_height=\u00a0\u00bb30&Prime;][vc_row_inner column_margin=\u00a0\u00bbdefault\u00a0\u00bb text_align=\u00a0\u00bbleft\u00a0\u00bb][vc_column_inner column_padding=\u00a0\u00bbno-extra-padding\u00a0\u00bb column_padding_position=\u00a0\u00bball\u00a0\u00bb background_color_opacity=\u00a0\u00bb1&Prime; background_hover_color_opacity=\u00a0\u00bb1&Prime; column_shadow=\u00a0\u00bbnone\u00a0\u00bb column_border_radius=\u00a0\u00bbnone\u00a0\u00bb width=\u00a0\u00bb1\/4&Prime; column_border_width=\u00a0\u00bbnone\u00a0\u00bb column_border_style=\u00a0\u00bbsolid\u00a0\u00bb][vc_column_text]\n<h3 style=\"text-align: center;\">Aff\u00fbteuses<\/h3>\n[\/vc_column_text][vc_column_text]<a href=\"http:\/\/www.smoc.fr\/produits\/machines\/affuteuses\/?lang=fr\"><img loading=\"lazy\" decoding=\"async\" class=\"alignnone wp-image-689 size-full\" src=\"http:\/\/www.smoc.fr\/wp-content\/uploads\/2017\/10\/logo-SMOC.jpg\" alt=\"\" width=\"1500\" height=\"480\" srcset=\"https:\/\/www.smoc.fr\/wp-content\/uploads\/2017\/10\/logo-SMOC.jpg 1500w, https:\/\/www.smoc.fr\/wp-content\/uploads\/2017\/10\/logo-SMOC-300x96.jpg 300w, https:\/\/www.smoc.fr\/wp-content\/uploads\/2017\/10\/logo-SMOC-768x246.jpg 768w, https:\/\/www.smoc.fr\/wp-content\/uploads\/2017\/10\/logo-SMOC-1024x328.jpg 1024w\" sizes=\"auto, (max-width: 1500px) 100vw, 1500px\" \/><\/a>[\/vc_column_text][\/vc_column_inner][vc_column_inner column_padding=\u00a0\u00bbno-extra-padding\u00a0\u00bb column_padding_position=\u00a0\u00bball\u00a0\u00bb background_color_opacity=\u00a0\u00bb1&Prime; background_hover_color_opacity=\u00a0\u00bb1&Prime; column_shadow=\u00a0\u00bbnone\u00a0\u00bb column_border_radius=\u00a0\u00bbnone\u00a0\u00bb width=\u00a0\u00bb1\/4&Prime; column_border_width=\u00a0\u00bbnone\u00a0\u00bb column_border_style=\u00a0\u00bbsolid\u00a0\u00bb][vc_column_text]\n<h3 style=\"text-align: center;\">Brocheuses<\/h3>\n[\/vc_column_text][vc_column_text]<a href=\"http:\/\/www.smoc.fr\/produits\/machines\/brocheuses\/?lang=fr\"><img loading=\"lazy\" decoding=\"async\" class=\"aligncenter wp-image-689 size-medium\" src=\"http:\/\/www.smoc.fr\/wp-content\/uploads\/2017\/10\/logo-SMOC-300x96.jpg\" alt=\"\" width=\"300\" height=\"96\" srcset=\"https:\/\/www.smoc.fr\/wp-content\/uploads\/2017\/10\/logo-SMOC-300x96.jpg 300w, https:\/\/www.smoc.fr\/wp-content\/uploads\/2017\/10\/logo-SMOC-768x246.jpg 768w, https:\/\/www.smoc.fr\/wp-content\/uploads\/2017\/10\/logo-SMOC-1024x328.jpg 1024w, https:\/\/www.smoc.fr\/wp-content\/uploads\/2017\/10\/logo-SMOC.jpg 1500w\" sizes=\"auto, (max-width: 300px) 100vw, 300px\" \/><\/a>[\/vc_column_text][\/vc_column_inner][vc_column_inner column_padding=\u00a0\u00bbno-extra-padding\u00a0\u00bb column_padding_position=\u00a0\u00bball\u00a0\u00bb background_color_opacity=\u00a0\u00bb1&Prime; background_hover_color_opacity=\u00a0\u00bb1&Prime; column_shadow=\u00a0\u00bbnone\u00a0\u00bb column_border_radius=\u00a0\u00bbnone\u00a0\u00bb width=\u00a0\u00bb1\/4&Prime; column_border_width=\u00a0\u00bbnone\u00a0\u00bb column_border_style=\u00a0\u00bbsolid\u00a0\u00bb][vc_column_text]\n<h3 style=\"text-align: center;\">Occasions<\/h3>\n[\/vc_column_text][vc_column_text]<a href=\"http:\/\/www.smoc.fr\/produits\/machines\/occasions\/?lang=fr\"><img loading=\"lazy\" decoding=\"async\" class=\"aligncenter wp-image-689 size-medium\" src=\"http:\/\/www.smoc.fr\/wp-content\/uploads\/2017\/10\/logo-SMOC-300x96.jpg\" alt=\"\" width=\"300\" height=\"96\" srcset=\"https:\/\/www.smoc.fr\/wp-content\/uploads\/2017\/10\/logo-SMOC-300x96.jpg 300w, https:\/\/www.smoc.fr\/wp-content\/uploads\/2017\/10\/logo-SMOC-768x246.jpg 768w, https:\/\/www.smoc.fr\/wp-content\/uploads\/2017\/10\/logo-SMOC-1024x328.jpg 1024w, https:\/\/www.smoc.fr\/wp-content\/uploads\/2017\/10\/logo-SMOC.jpg 1500w\" sizes=\"auto, (max-width: 300px) 100vw, 300px\" \/><\/a>[\/vc_column_text][\/vc_column_inner][vc_column_inner column_padding=\u00a0\u00bbno-extra-padding\u00a0\u00bb column_padding_position=\u00a0\u00bball\u00a0\u00bb background_color_opacity=\u00a0\u00bb1&Prime; background_hover_color_opacity=\u00a0\u00bb1&Prime; column_shadow=\u00a0\u00bbnone\u00a0\u00bb column_border_radius=\u00a0\u00bbnone\u00a0\u00bb width=\u00a0\u00bb1\/4&Prime; column_border_width=\u00a0\u00bbnone\u00a0\u00bb column_border_style=\u00a0\u00bbsolid\u00a0\u00bb][vc_column_text]\n<h3 style=\"text-align: center;\">Pi\u00e8ces d\u00e9tach\u00e9es<\/h3>\n[\/vc_column_text][vc_column_text]<a href=\"http:\/\/www.smoc.fr\/produits\/machines\/pieces-detachees\/?lang=fr\"><img loading=\"lazy\" decoding=\"async\" class=\"aligncenter wp-image-689 size-medium\" src=\"http:\/\/www.smoc.fr\/wp-content\/uploads\/2017\/10\/logo-SMOC-300x96.jpg\" alt=\"\" width=\"300\" height=\"96\" srcset=\"https:\/\/www.smoc.fr\/wp-content\/uploads\/2017\/10\/logo-SMOC-300x96.jpg 300w, https:\/\/www.smoc.fr\/wp-content\/uploads\/2017\/10\/logo-SMOC-768x246.jpg 768w, https:\/\/www.smoc.fr\/wp-content\/uploads\/2017\/10\/logo-SMOC-1024x328.jpg 1024w, https:\/\/www.smoc.fr\/wp-content\/uploads\/2017\/10\/logo-SMOC.jpg 1500w\" sizes=\"auto, (max-width: 300px) 100vw, 300px\" \/><\/a>[\/vc_column_text][\/vc_column_inner][\/vc_row_inner]\n","protected":false},"excerpt":{"rendered":"<p>[vc_column column_padding=\u00a0\u00bbno-extra-padding\u00a0\u00bb column_padding_position=\u00a0\u00bball\u00a0\u00bb background_color_opacity=\u00a0\u00bb1&Prime; background_hover_color_opacity=\u00a0\u00bb1&Prime; column_shadow=\u00a0\u00bbnone\u00a0\u00bb column_border_radius=\u00a0\u00bbnone\u00a0\u00bb width=\u00a0\u00bb1\/1&Prime; tablet_text_alignment=\u00a0\u00bbdefault\u00a0\u00bb phone_text_alignment=\u00a0\u00bbdefault\u00a0\u00bb column_border_width=\u00a0\u00bbnone\u00a0\u00bb column_border_style=\u00a0\u00bbsolid\u00a0\u00bb][\/vc_column][vc_row type=\u00a0\u00bbin_container\u00a0\u00bb full_screen_row_position=\u00a0\u00bbmiddle\u00a0\u00bb scene_position=\u00a0\u00bbcenter\u00a0\u00bb text_color=\u00a0\u00bbdark\u00a0\u00bb text_align=\u00a0\u00bbleft\u00a0\u00bb overlay_strength=\u00a0\u00bb0.3&Prime; shape_divider_position=\u00a0\u00bbbottom\u00a0\u00bb][\/vc_row][vc_column column_padding=\u00a0\u00bbno-extra-padding\u00a0\u00bb column_padding_position=\u00a0\u00bball\u00a0\u00bb background_color_opacity=\u00a0\u00bb1&Prime; background_hover_color_opacity=\u00a0\u00bb1&Prime; column_shadow=\u00a0\u00bbnone\u00a0\u00bb column_border_radius=\u00a0\u00bbnone\u00a0\u00bb width=\u00a0\u00bb1\/1&Prime; tablet_text_alignment=\u00a0\u00bbdefault\u00a0\u00bb phone_text_alignment=\u00a0\u00bbdefault\u00a0\u00bb column_border_width=\u00a0\u00bbnone\u00a0\u00bb column_border_style=\u00a0\u00bbsolid\u00a0\u00bb][\/vc_column][divider&#8230;<\/p>\n","protected":false},"author":3,"featured_media":0,"parent":562,"menu_order":0,"comment_status":"closed","ping_status":"closed","template":"","meta":{"footnotes":""},"class_list":["post-586","page","type-page","status-publish"],"yoast_head":"<!-- This site is optimized with the Yoast SEO plugin v27.4 - https:\/\/yoast.com\/product\/yoast-seo-wordpress\/ -->\n<title>Machines - SMOC Industries<\/title>\n<meta name=\"robots\" content=\"index, follow, max-snippet:-1, max-image-preview:large, max-video-preview:-1\" \/>\n<link rel=\"canonical\" href=\"https:\/\/www.smoc.fr\/fr\/produits\/machines\/\" \/>\n<meta property=\"og:locale\" content=\"fr_FR\" \/>\n<meta property=\"og:type\" content=\"article\" \/>\n<meta property=\"og:title\" content=\"Machines - SMOC Industries\" \/>\n<meta property=\"og:description\" content=\"[vc_column column_padding=\u00a0\u00bbno-extra-padding\u00a0\u00bb column_padding_position=\u00a0\u00bball\u00a0\u00bb background_color_opacity=\u00a0\u00bb1&Prime; background_hover_color_opacity=\u00a0\u00bb1&Prime; column_shadow=\u00a0\u00bbnone\u00a0\u00bb column_border_radius=\u00a0\u00bbnone\u00a0\u00bb width=\u00a0\u00bb1\/1&Prime; tablet_text_alignment=\u00a0\u00bbdefault\u00a0\u00bb phone_text_alignment=\u00a0\u00bbdefault\u00a0\u00bb column_border_width=\u00a0\u00bbnone\u00a0\u00bb column_border_style=\u00a0\u00bbsolid\u00a0\u00bb][\/vc_column][vc_row type=\u00a0\u00bbin_container\u00a0\u00bb full_screen_row_position=\u00a0\u00bbmiddle\u00a0\u00bb scene_position=\u00a0\u00bbcenter\u00a0\u00bb text_color=\u00a0\u00bbdark\u00a0\u00bb text_align=\u00a0\u00bbleft\u00a0\u00bb overlay_strength=\u00a0\u00bb0.3&Prime; shape_divider_position=\u00a0\u00bbbottom\u00a0\u00bb][\/vc_row][vc_column column_padding=\u00a0\u00bbno-extra-padding\u00a0\u00bb column_padding_position=\u00a0\u00bball\u00a0\u00bb background_color_opacity=\u00a0\u00bb1&Prime; background_hover_color_opacity=\u00a0\u00bb1&Prime; column_shadow=\u00a0\u00bbnone\u00a0\u00bb column_border_radius=\u00a0\u00bbnone\u00a0\u00bb width=\u00a0\u00bb1\/1&Prime; tablet_text_alignment=\u00a0\u00bbdefault\u00a0\u00bb phone_text_alignment=\u00a0\u00bbdefault\u00a0\u00bb column_border_width=\u00a0\u00bbnone\u00a0\u00bb column_border_style=\u00a0\u00bbsolid\u00a0\u00bb][\/vc_column][divider...\" \/>\n<meta property=\"og:url\" content=\"https:\/\/www.smoc.fr\/fr\/produits\/machines\/\" \/>\n<meta property=\"og:site_name\" content=\"SMOC Industries\" \/>\n<meta property=\"article:publisher\" content=\"https:\/\/www.facebook.com\/smocindustries\/\" \/>\n<meta property=\"article:modified_time\" content=\"2017-12-04T15:22:05+00:00\" \/>\n<meta property=\"og:image\" content=\"http:\/\/www.smoc.fr\/wp-content\/uploads\/2017\/10\/logo-SMOC.jpg\" \/>\n<meta name=\"twitter:card\" content=\"summary_large_image\" \/>\n<meta name=\"twitter:label1\" content=\"Dur\u00e9e de lecture estim\u00e9e\" \/>\n\t<meta name=\"twitter:data1\" content=\"2 minutes\" \/>\n<script type=\"application\/ld+json\" class=\"yoast-schema-graph\">{\"@context\":\"https:\\\/\\\/schema.org\",\"@graph\":[{\"@type\":\"WebPage\",\"@id\":\"https:\\\/\\\/www.smoc.fr\\\/fr\\\/produits\\\/machines\\\/\",\"url\":\"https:\\\/\\\/www.smoc.fr\\\/fr\\\/produits\\\/machines\\\/\",\"name\":\"Machines - SMOC Industries\",\"isPartOf\":{\"@id\":\"https:\\\/\\\/www.smoc.fr\\\/#website\"},\"primaryImageOfPage\":{\"@id\":\"https:\\\/\\\/www.smoc.fr\\\/fr\\\/produits\\\/machines\\\/#primaryimage\"},\"image\":{\"@id\":\"https:\\\/\\\/www.smoc.fr\\\/fr\\\/produits\\\/machines\\\/#primaryimage\"},\"thumbnailUrl\":\"http:\\\/\\\/www.smoc.fr\\\/wp-content\\\/uploads\\\/2017\\\/10\\\/logo-SMOC.jpg\",\"datePublished\":\"2017-10-10T12:19:17+00:00\",\"dateModified\":\"2017-12-04T15:22:05+00:00\",\"breadcrumb\":{\"@id\":\"https:\\\/\\\/www.smoc.fr\\\/fr\\\/produits\\\/machines\\\/#breadcrumb\"},\"inLanguage\":\"fr-FR\",\"potentialAction\":[{\"@type\":\"ReadAction\",\"target\":[\"https:\\\/\\\/www.smoc.fr\\\/fr\\\/produits\\\/machines\\\/\"]}]},{\"@type\":\"ImageObject\",\"inLanguage\":\"fr-FR\",\"@id\":\"https:\\\/\\\/www.smoc.fr\\\/fr\\\/produits\\\/machines\\\/#primaryimage\",\"url\":\"http:\\\/\\\/www.smoc.fr\\\/wp-content\\\/uploads\\\/2017\\\/10\\\/logo-SMOC.jpg\",\"contentUrl\":\"http:\\\/\\\/www.smoc.fr\\\/wp-content\\\/uploads\\\/2017\\\/10\\\/logo-SMOC.jpg\"},{\"@type\":\"BreadcrumbList\",\"@id\":\"https:\\\/\\\/www.smoc.fr\\\/fr\\\/produits\\\/machines\\\/#breadcrumb\",\"itemListElement\":[{\"@type\":\"ListItem\",\"position\":1,\"name\":\"Accueil\",\"item\":\"https:\\\/\\\/www.smoc.fr\\\/fr\\\/\"},{\"@type\":\"ListItem\",\"position\":2,\"name\":\"PRODUITS\",\"item\":\"https:\\\/\\\/www.smoc.fr\\\/fr\\\/produits\\\/\"},{\"@type\":\"ListItem\",\"position\":3,\"name\":\"Machines\"}]},{\"@type\":\"WebSite\",\"@id\":\"https:\\\/\\\/www.smoc.fr\\\/#website\",\"url\":\"https:\\\/\\\/www.smoc.fr\\\/\",\"name\":\"SMOC Industries\",\"description\":\"Taill\u00e9 pour la forme\",\"publisher\":{\"@id\":\"https:\\\/\\\/www.smoc.fr\\\/#organization\"},\"potentialAction\":[{\"@type\":\"SearchAction\",\"target\":{\"@type\":\"EntryPoint\",\"urlTemplate\":\"https:\\\/\\\/www.smoc.fr\\\/?s={search_term_string}\"},\"query-input\":{\"@type\":\"PropertyValueSpecification\",\"valueRequired\":true,\"valueName\":\"search_term_string\"}}],\"inLanguage\":\"fr-FR\"},{\"@type\":\"Organization\",\"@id\":\"https:\\\/\\\/www.smoc.fr\\\/#organization\",\"name\":\"SMOC Industries\",\"url\":\"https:\\\/\\\/www.smoc.fr\\\/\",\"logo\":{\"@type\":\"ImageObject\",\"inLanguage\":\"fr-FR\",\"@id\":\"https:\\\/\\\/www.smoc.fr\\\/#\\\/schema\\\/logo\\\/image\\\/\",\"url\":\"http:\\\/\\\/www.smoc.fr\\\/wp-content\\\/uploads\\\/2017\\\/06\\\/SMOC_logo.png\",\"contentUrl\":\"http:\\\/\\\/www.smoc.fr\\\/wp-content\\\/uploads\\\/2017\\\/06\\\/SMOC_logo.png\",\"width\":579,\"height\":182,\"caption\":\"SMOC Industries\"},\"image\":{\"@id\":\"https:\\\/\\\/www.smoc.fr\\\/#\\\/schema\\\/logo\\\/image\\\/\"},\"sameAs\":[\"https:\\\/\\\/www.facebook.com\\\/smocindustries\\\/\"]}]}<\/script>\n<!-- \/ Yoast SEO plugin. -->","yoast_head_json":{"title":"Machines - SMOC Industries","robots":{"index":"index","follow":"follow","max-snippet":"max-snippet:-1","max-image-preview":"max-image-preview:large","max-video-preview":"max-video-preview:-1"},"canonical":"https:\/\/www.smoc.fr\/fr\/produits\/machines\/","og_locale":"fr_FR","og_type":"article","og_title":"Machines - SMOC Industries","og_description":"[vc_column column_padding=\u00a0\u00bbno-extra-padding\u00a0\u00bb column_padding_position=\u00a0\u00bball\u00a0\u00bb background_color_opacity=\u00a0\u00bb1&Prime; background_hover_color_opacity=\u00a0\u00bb1&Prime; column_shadow=\u00a0\u00bbnone\u00a0\u00bb column_border_radius=\u00a0\u00bbnone\u00a0\u00bb width=\u00a0\u00bb1\/1&Prime; tablet_text_alignment=\u00a0\u00bbdefault\u00a0\u00bb phone_text_alignment=\u00a0\u00bbdefault\u00a0\u00bb column_border_width=\u00a0\u00bbnone\u00a0\u00bb column_border_style=\u00a0\u00bbsolid\u00a0\u00bb][\/vc_column][vc_row type=\u00a0\u00bbin_container\u00a0\u00bb full_screen_row_position=\u00a0\u00bbmiddle\u00a0\u00bb scene_position=\u00a0\u00bbcenter\u00a0\u00bb text_color=\u00a0\u00bbdark\u00a0\u00bb text_align=\u00a0\u00bbleft\u00a0\u00bb overlay_strength=\u00a0\u00bb0.3&Prime; shape_divider_position=\u00a0\u00bbbottom\u00a0\u00bb][\/vc_row][vc_column column_padding=\u00a0\u00bbno-extra-padding\u00a0\u00bb column_padding_position=\u00a0\u00bball\u00a0\u00bb background_color_opacity=\u00a0\u00bb1&Prime; background_hover_color_opacity=\u00a0\u00bb1&Prime; column_shadow=\u00a0\u00bbnone\u00a0\u00bb column_border_radius=\u00a0\u00bbnone\u00a0\u00bb width=\u00a0\u00bb1\/1&Prime; tablet_text_alignment=\u00a0\u00bbdefault\u00a0\u00bb phone_text_alignment=\u00a0\u00bbdefault\u00a0\u00bb column_border_width=\u00a0\u00bbnone\u00a0\u00bb column_border_style=\u00a0\u00bbsolid\u00a0\u00bb][\/vc_column][divider...","og_url":"https:\/\/www.smoc.fr\/fr\/produits\/machines\/","og_site_name":"SMOC Industries","article_publisher":"https:\/\/www.facebook.com\/smocindustries\/","article_modified_time":"2017-12-04T15:22:05+00:00","og_image":[{"url":"http:\/\/www.smoc.fr\/wp-content\/uploads\/2017\/10\/logo-SMOC.jpg","type":"","width":"","height":""}],"twitter_card":"summary_large_image","twitter_misc":{"Dur\u00e9e de lecture estim\u00e9e":"2 minutes"},"schema":{"@context":"https:\/\/schema.org","@graph":[{"@type":"WebPage","@id":"https:\/\/www.smoc.fr\/fr\/produits\/machines\/","url":"https:\/\/www.smoc.fr\/fr\/produits\/machines\/","name":"Machines - SMOC Industries","isPartOf":{"@id":"https:\/\/www.smoc.fr\/#website"},"primaryImageOfPage":{"@id":"https:\/\/www.smoc.fr\/fr\/produits\/machines\/#primaryimage"},"image":{"@id":"https:\/\/www.smoc.fr\/fr\/produits\/machines\/#primaryimage"},"thumbnailUrl":"http:\/\/www.smoc.fr\/wp-content\/uploads\/2017\/10\/logo-SMOC.jpg","datePublished":"2017-10-10T12:19:17+00:00","dateModified":"2017-12-04T15:22:05+00:00","breadcrumb":{"@id":"https:\/\/www.smoc.fr\/fr\/produits\/machines\/#breadcrumb"},"inLanguage":"fr-FR","potentialAction":[{"@type":"ReadAction","target":["https:\/\/www.smoc.fr\/fr\/produits\/machines\/"]}]},{"@type":"ImageObject","inLanguage":"fr-FR","@id":"https:\/\/www.smoc.fr\/fr\/produits\/machines\/#primaryimage","url":"http:\/\/www.smoc.fr\/wp-content\/uploads\/2017\/10\/logo-SMOC.jpg","contentUrl":"http:\/\/www.smoc.fr\/wp-content\/uploads\/2017\/10\/logo-SMOC.jpg"},{"@type":"BreadcrumbList","@id":"https:\/\/www.smoc.fr\/fr\/produits\/machines\/#breadcrumb","itemListElement":[{"@type":"ListItem","position":1,"name":"Accueil","item":"https:\/\/www.smoc.fr\/fr\/"},{"@type":"ListItem","position":2,"name":"PRODUITS","item":"https:\/\/www.smoc.fr\/fr\/produits\/"},{"@type":"ListItem","position":3,"name":"Machines"}]},{"@type":"WebSite","@id":"https:\/\/www.smoc.fr\/#website","url":"https:\/\/www.smoc.fr\/","name":"SMOC Industries","description":"Taill\u00e9 pour la forme","publisher":{"@id":"https:\/\/www.smoc.fr\/#organization"},"potentialAction":[{"@type":"SearchAction","target":{"@type":"EntryPoint","urlTemplate":"https:\/\/www.smoc.fr\/?s={search_term_string}"},"query-input":{"@type":"PropertyValueSpecification","valueRequired":true,"valueName":"search_term_string"}}],"inLanguage":"fr-FR"},{"@type":"Organization","@id":"https:\/\/www.smoc.fr\/#organization","name":"SMOC Industries","url":"https:\/\/www.smoc.fr\/","logo":{"@type":"ImageObject","inLanguage":"fr-FR","@id":"https:\/\/www.smoc.fr\/#\/schema\/logo\/image\/","url":"http:\/\/www.smoc.fr\/wp-content\/uploads\/2017\/06\/SMOC_logo.png","contentUrl":"http:\/\/www.smoc.fr\/wp-content\/uploads\/2017\/06\/SMOC_logo.png","width":579,"height":182,"caption":"SMOC Industries"},"image":{"@id":"https:\/\/www.smoc.fr\/#\/schema\/logo\/image\/"},"sameAs":["https:\/\/www.facebook.com\/smocindustries\/"]}]}},"_links":{"self":[{"href":"https:\/\/www.smoc.fr\/fr\/wp-json\/wp\/v2\/pages\/586","targetHints":{"allow":["GET"]}}],"collection":[{"href":"https:\/\/www.smoc.fr\/fr\/wp-json\/wp\/v2\/pages"}],"about":[{"href":"https:\/\/www.smoc.fr\/fr\/wp-json\/wp\/v2\/types\/page"}],"author":[{"embeddable":true,"href":"https:\/\/www.smoc.fr\/fr\/wp-json\/wp\/v2\/users\/3"}],"replies":[{"embeddable":true,"href":"https:\/\/www.smoc.fr\/fr\/wp-json\/wp\/v2\/comments?post=586"}],"version-history":[{"count":4,"href":"https:\/\/www.smoc.fr\/fr\/wp-json\/wp\/v2\/pages\/586\/revisions"}],"predecessor-version":[{"id":966,"href":"https:\/\/www.smoc.fr\/fr\/wp-json\/wp\/v2\/pages\/586\/revisions\/966"}],"up":[{"embeddable":true,"href":"https:\/\/www.smoc.fr\/fr\/wp-json\/wp\/v2\/pages\/562"}],"wp:attachment":[{"href":"https:\/\/www.smoc.fr\/fr\/wp-json\/wp\/v2\/media?parent=586"}],"curies":[{"name":"wp","href":"https:\/\/api.w.org\/{rel}","templated":true}]}}