{"id":1871,"date":"2019-08-29T15:15:10","date_gmt":"2019-08-29T13:15:10","guid":{"rendered":"http:\/\/www.smoc.fr\/raumnadeln\/flacheraumnadeln\/"},"modified":"2019-08-29T15:15:12","modified_gmt":"2019-08-29T13:15:12","slug":"flacheraumnadeln","status":"publish","type":"page","link":"https:\/\/www.smoc.fr\/de\/raumnadeln\/flacheraumnadeln\/","title":{"rendered":"Flacher\u00e4umnadeln"},"content":{"rendered":"[vc_row type=&#8220;in_container&#8220; full_screen_row_position=&#8220;middle&#8220; scene_position=&#8220;center&#8220; text_color=&#8220;dark&#8220; text_align=&#8220;left&#8220; overlay_strength=&#8220;0.3&#8243;][vc_column column_padding=&#8220;no-extra-padding&#8220; column_padding_position=&#8220;all&#8220; background_color_opacity=&#8220;1&#8243; background_hover_color_opacity=&#8220;1&#8243; column_shadow=&#8220;none&#8220; width=&#8220;1\/1&#8243; tablet_text_alignment=&#8220;default&#8220; phone_text_alignment=&#8220;default&#8220; column_border_width=&#8220;none&#8220; column_border_style=&#8220;solid&#8220;][nectar_animated_title heading_tag=&#8220;h6&#8243; style=&#8220;color-strip-reveal&#8220; color=&#8220;Accent-Color&#8220; text=&#8220;Flacher\u00e4umnadeln&#8220;][\/vc_column][vc_column column_padding=&#8220;no-extra-padding&#8220; column_padding_position=&#8220;all&#8220; background_color_opacity=&#8220;1&#8243; background_hover_color_opacity=&#8220;1&#8243; column_shadow=&#8220;none&#8220; width=&#8220;1\/1&#8243; tablet_text_alignment=&#8220;default&#8220; phone_text_alignment=&#8220;default&#8220; column_border_width=&#8220;none&#8220; column_border_style=&#8220;solid&#8220;][\/vc_column][\/vc_row][vc_row type=&#8220;in_container&#8220; full_screen_row_position=&#8220;middle&#8220; scene_position=&#8220;center&#8220; text_color=&#8220;dark&#8220; text_align=&#8220;left&#8220; overlay_strength=&#8220;0.3&#8243;][vc_column column_padding=&#8220;no-extra-padding&#8220; column_padding_position=&#8220;all&#8220; background_color_opacity=&#8220;1&#8243; background_hover_color_opacity=&#8220;1&#8243; column_shadow=&#8220;none&#8220; width=&#8220;2\/3&#8243; tablet_text_alignment=&#8220;default&#8220; phone_text_alignment=&#8220;default&#8220; column_border_width=&#8220;none&#8220; column_border_style=&#8220;solid&#8220;][vc_gallery type=&#8220;parallax_image_grid&#8220; images=&#8220;227,226,225&#8243;][\/vc_column][vc_column column_padding=&#8220;no-extra-padding&#8220; column_padding_position=&#8220;all&#8220; background_color_opacity=&#8220;1&#8243; background_hover_color_opacity=&#8220;1&#8243; column_shadow=&#8220;none&#8220; width=&#8220;1\/3&#8243; tablet_text_alignment=&#8220;default&#8220; phone_text_alignment=&#8220;default&#8220; column_border_width=&#8220;none&#8220; column_border_style=&#8220;solid&#8220;][vc_column_text]Flacher\u00e4umnadeln werden als Alternative zum Fr\u00e4sen f\u00fcr eine hohe Reproduzierbarkeit und Effizienz benutzt.[\/vc_column_text][\/vc_column][\/vc_row]\n","protected":false},"excerpt":{"rendered":"<p>[vc_row type=&#8220;in_container&#8220; full_screen_row_position=&#8220;middle&#8220; scene_position=&#8220;center&#8220; text_color=&#8220;dark&#8220; text_align=&#8220;left&#8220; overlay_strength=&#8220;0.3&#8243;][vc_column column_padding=&#8220;no-extra-padding&#8220; column_padding_position=&#8220;all&#8220; background_color_opacity=&#8220;1&#8243; background_hover_color_opacity=&#8220;1&#8243; column_shadow=&#8220;none&#8220; width=&#8220;1\/1&#8243; tablet_text_alignment=&#8220;default&#8220; phone_text_alignment=&#8220;default&#8220; column_border_width=&#8220;none&#8220; column_border_style=&#8220;solid&#8220;][nectar_animated_title heading_tag=&#8220;h6&#8243; style=&#8220;color-strip-reveal&#8220; color=&#8220;Accent-Color&#8220; text=&#8220;Flacher\u00e4umnadeln&#8220;][\/vc_column][vc_column column_padding=&#8220;no-extra-padding&#8220; column_padding_position=&#8220;all&#8220; background_color_opacity=&#8220;1&#8243; background_hover_color_opacity=&#8220;1&#8243; column_shadow=&#8220;none&#8220; width=&#8220;1\/1&#8243; tablet_text_alignment=&#8220;default&#8220; phone_text_alignment=&#8220;default&#8220; column_border_width=&#8220;none&#8220;&#8230;<\/p>\n","protected":false},"author":1,"featured_media":0,"parent":1870,"menu_order":0,"comment_status":"closed","ping_status":"open","template":"","meta":{"footnotes":""},"class_list":["post-1871","page","type-page","status-publish"],"yoast_head":"<!-- This site is optimized with the Yoast SEO plugin v27.4 - https:\/\/yoast.com\/product\/yoast-seo-wordpress\/ -->\n<title>Flacher\u00e4umnadeln - SMOC Industries<\/title>\n<meta name=\"robots\" content=\"index, follow, max-snippet:-1, max-image-preview:large, max-video-preview:-1\" \/>\n<link rel=\"canonical\" href=\"https:\/\/www.smoc.fr\/de\/raumnadeln\/flacheraumnadeln\/\" \/>\n<meta property=\"og:locale\" content=\"de_DE\" \/>\n<meta property=\"og:type\" content=\"article\" \/>\n<meta property=\"og:title\" content=\"Flacher\u00e4umnadeln - SMOC Industries\" \/>\n<meta property=\"og:description\" content=\"[vc_row type=&#8220;in_container&#8220; full_screen_row_position=&#8220;middle&#8220; scene_position=&#8220;center&#8220; text_color=&#8220;dark&#8220; text_align=&#8220;left&#8220; overlay_strength=&#8220;0.3&#8243;][vc_column column_padding=&#8220;no-extra-padding&#8220; column_padding_position=&#8220;all&#8220; background_color_opacity=&#8220;1&#8243; background_hover_color_opacity=&#8220;1&#8243; column_shadow=&#8220;none&#8220; width=&#8220;1\/1&#8243; tablet_text_alignment=&#8220;default&#8220; phone_text_alignment=&#8220;default&#8220; column_border_width=&#8220;none&#8220; column_border_style=&#8220;solid&#8220;][nectar_animated_title heading_tag=&#8220;h6&#8243; style=&#8220;color-strip-reveal&#8220; color=&#8220;Accent-Color&#8220; text=&#8220;Flacher\u00e4umnadeln&#8220;][\/vc_column][vc_column column_padding=&#8220;no-extra-padding&#8220; column_padding_position=&#8220;all&#8220; background_color_opacity=&#8220;1&#8243; background_hover_color_opacity=&#8220;1&#8243; column_shadow=&#8220;none&#8220; width=&#8220;1\/1&#8243; tablet_text_alignment=&#8220;default&#8220; phone_text_alignment=&#8220;default&#8220; column_border_width=&#8220;none&#8220;...\" \/>\n<meta property=\"og:url\" content=\"https:\/\/www.smoc.fr\/de\/raumnadeln\/flacheraumnadeln\/\" \/>\n<meta property=\"og:site_name\" content=\"SMOC Industries\" \/>\n<meta property=\"article:publisher\" content=\"https:\/\/www.facebook.com\/smocindustries\/\" \/>\n<meta property=\"article:modified_time\" content=\"2019-08-29T13:15:12+00:00\" \/>\n<meta name=\"twitter:card\" content=\"summary_large_image\" \/>\n<meta name=\"twitter:label1\" content=\"Gesch\u00e4tzte Lesezeit\" \/>\n\t<meta name=\"twitter:data1\" content=\"1\u00a0Minute\" \/>\n<script type=\"application\/ld+json\" class=\"yoast-schema-graph\">{\"@context\":\"https:\\\/\\\/schema.org\",\"@graph\":[{\"@type\":\"WebPage\",\"@id\":\"https:\\\/\\\/www.smoc.fr\\\/de\\\/raumnadeln\\\/flacheraumnadeln\\\/\",\"url\":\"https:\\\/\\\/www.smoc.fr\\\/de\\\/raumnadeln\\\/flacheraumnadeln\\\/\",\"name\":\"Flacher\u00e4umnadeln - SMOC Industries\",\"isPartOf\":{\"@id\":\"https:\\\/\\\/www.smoc.fr\\\/#website\"},\"datePublished\":\"2019-08-29T13:15:10+00:00\",\"dateModified\":\"2019-08-29T13:15:12+00:00\",\"breadcrumb\":{\"@id\":\"https:\\\/\\\/www.smoc.fr\\\/de\\\/raumnadeln\\\/flacheraumnadeln\\\/#breadcrumb\"},\"inLanguage\":\"de\",\"potentialAction\":[{\"@type\":\"ReadAction\",\"target\":[\"https:\\\/\\\/www.smoc.fr\\\/de\\\/raumnadeln\\\/flacheraumnadeln\\\/\"]}]},{\"@type\":\"BreadcrumbList\",\"@id\":\"https:\\\/\\\/www.smoc.fr\\\/de\\\/raumnadeln\\\/flacheraumnadeln\\\/#breadcrumb\",\"itemListElement\":[{\"@type\":\"ListItem\",\"position\":1,\"name\":\"Accueil\",\"item\":\"https:\\\/\\\/www.smoc.fr\\\/de\\\/\"},{\"@type\":\"ListItem\",\"position\":2,\"name\":\"R\u00e4umnadeln\",\"item\":\"https:\\\/\\\/www.smoc.fr\\\/de\\\/raumnadeln\\\/\"},{\"@type\":\"ListItem\",\"position\":3,\"name\":\"Flacher\u00e4umnadeln\"}]},{\"@type\":\"WebSite\",\"@id\":\"https:\\\/\\\/www.smoc.fr\\\/#website\",\"url\":\"https:\\\/\\\/www.smoc.fr\\\/\",\"name\":\"SMOC Industries\",\"description\":\"Taill\u00e9 pour la forme\",\"publisher\":{\"@id\":\"https:\\\/\\\/www.smoc.fr\\\/#organization\"},\"potentialAction\":[{\"@type\":\"SearchAction\",\"target\":{\"@type\":\"EntryPoint\",\"urlTemplate\":\"https:\\\/\\\/www.smoc.fr\\\/?s={search_term_string}\"},\"query-input\":{\"@type\":\"PropertyValueSpecification\",\"valueRequired\":true,\"valueName\":\"search_term_string\"}}],\"inLanguage\":\"de\"},{\"@type\":\"Organization\",\"@id\":\"https:\\\/\\\/www.smoc.fr\\\/#organization\",\"name\":\"SMOC Industries\",\"url\":\"https:\\\/\\\/www.smoc.fr\\\/\",\"logo\":{\"@type\":\"ImageObject\",\"inLanguage\":\"de\",\"@id\":\"https:\\\/\\\/www.smoc.fr\\\/#\\\/schema\\\/logo\\\/image\\\/\",\"url\":\"http:\\\/\\\/www.smoc.fr\\\/wp-content\\\/uploads\\\/2017\\\/06\\\/SMOC_logo.png\",\"contentUrl\":\"http:\\\/\\\/www.smoc.fr\\\/wp-content\\\/uploads\\\/2017\\\/06\\\/SMOC_logo.png\",\"width\":579,\"height\":182,\"caption\":\"SMOC Industries\"},\"image\":{\"@id\":\"https:\\\/\\\/www.smoc.fr\\\/#\\\/schema\\\/logo\\\/image\\\/\"},\"sameAs\":[\"https:\\\/\\\/www.facebook.com\\\/smocindustries\\\/\"]}]}<\/script>\n<!-- \/ Yoast SEO plugin. -->","yoast_head_json":{"title":"Flacher\u00e4umnadeln - SMOC Industries","robots":{"index":"index","follow":"follow","max-snippet":"max-snippet:-1","max-image-preview":"max-image-preview:large","max-video-preview":"max-video-preview:-1"},"canonical":"https:\/\/www.smoc.fr\/de\/raumnadeln\/flacheraumnadeln\/","og_locale":"de_DE","og_type":"article","og_title":"Flacher\u00e4umnadeln - SMOC Industries","og_description":"[vc_row type=&#8220;in_container&#8220; full_screen_row_position=&#8220;middle&#8220; scene_position=&#8220;center&#8220; text_color=&#8220;dark&#8220; text_align=&#8220;left&#8220; overlay_strength=&#8220;0.3&#8243;][vc_column column_padding=&#8220;no-extra-padding&#8220; column_padding_position=&#8220;all&#8220; background_color_opacity=&#8220;1&#8243; background_hover_color_opacity=&#8220;1&#8243; column_shadow=&#8220;none&#8220; width=&#8220;1\/1&#8243; tablet_text_alignment=&#8220;default&#8220; phone_text_alignment=&#8220;default&#8220; column_border_width=&#8220;none&#8220; column_border_style=&#8220;solid&#8220;][nectar_animated_title heading_tag=&#8220;h6&#8243; style=&#8220;color-strip-reveal&#8220; color=&#8220;Accent-Color&#8220; text=&#8220;Flacher\u00e4umnadeln&#8220;][\/vc_column][vc_column column_padding=&#8220;no-extra-padding&#8220; column_padding_position=&#8220;all&#8220; background_color_opacity=&#8220;1&#8243; background_hover_color_opacity=&#8220;1&#8243; column_shadow=&#8220;none&#8220; width=&#8220;1\/1&#8243; tablet_text_alignment=&#8220;default&#8220; phone_text_alignment=&#8220;default&#8220; column_border_width=&#8220;none&#8220;...","og_url":"https:\/\/www.smoc.fr\/de\/raumnadeln\/flacheraumnadeln\/","og_site_name":"SMOC Industries","article_publisher":"https:\/\/www.facebook.com\/smocindustries\/","article_modified_time":"2019-08-29T13:15:12+00:00","twitter_card":"summary_large_image","twitter_misc":{"Gesch\u00e4tzte Lesezeit":"1\u00a0Minute"},"schema":{"@context":"https:\/\/schema.org","@graph":[{"@type":"WebPage","@id":"https:\/\/www.smoc.fr\/de\/raumnadeln\/flacheraumnadeln\/","url":"https:\/\/www.smoc.fr\/de\/raumnadeln\/flacheraumnadeln\/","name":"Flacher\u00e4umnadeln - SMOC Industries","isPartOf":{"@id":"https:\/\/www.smoc.fr\/#website"},"datePublished":"2019-08-29T13:15:10+00:00","dateModified":"2019-08-29T13:15:12+00:00","breadcrumb":{"@id":"https:\/\/www.smoc.fr\/de\/raumnadeln\/flacheraumnadeln\/#breadcrumb"},"inLanguage":"de","potentialAction":[{"@type":"ReadAction","target":["https:\/\/www.smoc.fr\/de\/raumnadeln\/flacheraumnadeln\/"]}]},{"@type":"BreadcrumbList","@id":"https:\/\/www.smoc.fr\/de\/raumnadeln\/flacheraumnadeln\/#breadcrumb","itemListElement":[{"@type":"ListItem","position":1,"name":"Accueil","item":"https:\/\/www.smoc.fr\/de\/"},{"@type":"ListItem","position":2,"name":"R\u00e4umnadeln","item":"https:\/\/www.smoc.fr\/de\/raumnadeln\/"},{"@type":"ListItem","position":3,"name":"Flacher\u00e4umnadeln"}]},{"@type":"WebSite","@id":"https:\/\/www.smoc.fr\/#website","url":"https:\/\/www.smoc.fr\/","name":"SMOC Industries","description":"Taill\u00e9 pour la forme","publisher":{"@id":"https:\/\/www.smoc.fr\/#organization"},"potentialAction":[{"@type":"SearchAction","target":{"@type":"EntryPoint","urlTemplate":"https:\/\/www.smoc.fr\/?s={search_term_string}"},"query-input":{"@type":"PropertyValueSpecification","valueRequired":true,"valueName":"search_term_string"}}],"inLanguage":"de"},{"@type":"Organization","@id":"https:\/\/www.smoc.fr\/#organization","name":"SMOC Industries","url":"https:\/\/www.smoc.fr\/","logo":{"@type":"ImageObject","inLanguage":"de","@id":"https:\/\/www.smoc.fr\/#\/schema\/logo\/image\/","url":"http:\/\/www.smoc.fr\/wp-content\/uploads\/2017\/06\/SMOC_logo.png","contentUrl":"http:\/\/www.smoc.fr\/wp-content\/uploads\/2017\/06\/SMOC_logo.png","width":579,"height":182,"caption":"SMOC Industries"},"image":{"@id":"https:\/\/www.smoc.fr\/#\/schema\/logo\/image\/"},"sameAs":["https:\/\/www.facebook.com\/smocindustries\/"]}]}},"_links":{"self":[{"href":"https:\/\/www.smoc.fr\/de\/wp-json\/wp\/v2\/pages\/1871","targetHints":{"allow":["GET"]}}],"collection":[{"href":"https:\/\/www.smoc.fr\/de\/wp-json\/wp\/v2\/pages"}],"about":[{"href":"https:\/\/www.smoc.fr\/de\/wp-json\/wp\/v2\/types\/page"}],"author":[{"embeddable":true,"href":"https:\/\/www.smoc.fr\/de\/wp-json\/wp\/v2\/users\/1"}],"replies":[{"embeddable":true,"href":"https:\/\/www.smoc.fr\/de\/wp-json\/wp\/v2\/comments?post=1871"}],"version-history":[{"count":1,"href":"https:\/\/www.smoc.fr\/de\/wp-json\/wp\/v2\/pages\/1871\/revisions"}],"predecessor-version":[{"id":1872,"href":"https:\/\/www.smoc.fr\/de\/wp-json\/wp\/v2\/pages\/1871\/revisions\/1872"}],"up":[{"embeddable":true,"href":"https:\/\/www.smoc.fr\/de\/wp-json\/wp\/v2\/pages\/1870"}],"wp:attachment":[{"href":"https:\/\/www.smoc.fr\/de\/wp-json\/wp\/v2\/media?parent=1871"}],"curies":[{"name":"wp","href":"https:\/\/api.w.org\/{rel}","templated":true}]}}