{"id":1862,"date":"2019-08-29T14:50:57","date_gmt":"2019-08-29T12:50:57","guid":{"rendered":"http:\/\/www.smoc.fr\/smoc-industries\/"},"modified":"2022-05-02T18:39:25","modified_gmt":"2022-05-02T16:39:25","slug":"smoc-industries","status":"publish","type":"page","link":"https:\/\/www.smoc.fr\/de\/","title":{"rendered":"SMOC Industries"},"content":{"rendered":"[vc_row type=&#8220;in_container&#8220; full_screen_row_position=&#8220;middle&#8220; scene_position=&#8220;center&#8220; text_color=&#8220;dark&#8220; text_align=&#8220;left&#8220; overlay_strength=&#8220;0.3&#8243; shape_divider_position=&#8220;bottom&#8220;][vc_column column_padding=&#8220;no-extra-padding&#8220; column_padding_position=&#8220;all&#8220; background_color_opacity=&#8220;1&#8243; background_hover_color_opacity=&#8220;1&#8243; column_shadow=&#8220;none&#8220; column_border_radius=&#8220;none&#8220; width=&#8220;2\/3&#8243; tablet_text_alignment=&#8220;default&#8220; phone_text_alignment=&#8220;default&#8220; column_border_width=&#8220;none&#8220; column_border_style=&#8220;solid&#8220;][vc_column_text]<strong>SMOC Industries<\/strong> wurde 1946 gegr\u00fcndet. Ihre Hauptt\u00e4tigkeit besteht aus dem Handel von Schneidwerkzeugen. Seit 60 Jahren ist das Unternehmen auf diese Art von Werkzeugen spezialisiert. 1969 begann das Unternehmen R\u00e4umwerkzeuge herzustellen.<\/p>\n<p>Im Jahr 2017 wurde ein Umsatz von 10,5 Milionen\u20ac mit 105 Mitarbeitern erreicht. Die SMOC-Produkte sind als Spitzentechnologie bekannt und werden weltweit verkauft (Frankreich, Deutschland, Italien, Japan, China, Indien&#8230;.).<\/p>\n<p>Aufgrund der hohen Nachfrage im Luftfahrt- und Gasturbinengesch\u00e4ft hat SMOC im M\u00e4rz 2017 eine hochmoderne 1660m\u00b2-gro\u00dfe\u00a0 Werkhalle f\u00fcr Luftfahrt und Werkzeugmanagement er\u00f6ffnet. F\u00fcr 2019 erwartet Smoc Industries einen Umsatz von 12.5 Mio. \u20ac mit 110 Mitarbeitern.<\/p>\n<p>Dank seiner Engineering Abteilung ist SMOC Industries in der Lage, Werkzeuge nach den Anforderungen\/Spezifikationen der Kunden in 3D zu konzeptionieren.<\/p>\n<p>Zus\u00e4tzlich zu der Herstellung neuer Werkzeuge verf\u00fcgt SMOC Industries \u00fcber andere F\u00e4higkeiten, wie die Nachschleifung von Werkzeugen (ohne Unterbrechung, 7 Tage pro Woche), Werkzeugreparaturen, Werkzeugmanagement (Nachschleifen, Standzeitkontrolle, Umtausch, etc&#8230;) und f\u00fcr einige Kunden technische Unterst\u00fctzung vor Ort.<\/p>\n<p>Au\u00dferdem ist die Produktion bei SMOC Industries in Sektoren geteilt, die sich an einer Art Werkzeug orientieren, je nach Wunsch unserer Kunden f\u00fcr Gespr\u00e4chspartnern, die spezifischer auf ihr Werkzeugsortiment spezialisiert sind (d.h. Innenr\u00e4umwerkzeuge, Aussenr\u00e4umwerkzeuge und -rack, Tannenbaumr\u00e4umwerkzeuge, Nachschleif- und Reparaturarbeiten).[\/vc_column_text][\/vc_column][vc_column column_padding=&#8220;no-extra-padding&#8220; column_padding_position=&#8220;all&#8220; background_color_opacity=&#8220;1&#8243; background_hover_color_opacity=&#8220;1&#8243; column_shadow=&#8220;none&#8220; column_border_radius=&#8220;none&#8220; width=&#8220;1\/3&#8243; tablet_text_alignment=&#8220;default&#8220; phone_text_alignment=&#8220;default&#8220; column_border_width=&#8220;none&#8220; column_border_style=&#8220;solid&#8220;][vc_gallery type=&#8220;flexslider_style&#8220; images=&#8220;210,249,225,246,211&#8243; onclick=&#8220;link_no&#8220;]<div  data-transition=\"slide\" data-overall_style=\"classic\" data-flexible-height=\"\" data-animate-in-effect=\"none\" data-fullscreen=\"false\" data-button-sizing=\"regular\" data-button-styling=\"btn_with_count\" data-autorotate=\"\" data-parallax=\"false\" data-parallax-disable-mobile=\"\" data-caption-trans=\"fade_in_from_bottom\" data-parallax-style=\"bg_only\" data-bg-animation=\"none\" data-full-width=\"false\" class=\"nectar-slider-wrap \" id=\"nectar-slider-instance-1\"><div class=\"swiper-container\"  data-tho=\"auto\" data-tco=\"auto\" data-pho=\"auto\" data-pco=\"auto\" data-loop=\"false\" data-height=\"650\" data-min-height=\"\" data-arrows=\"false\" data-bullets=\"false\" data-bullet_style=\"see_through\" data-bullet_position=\"bottom\" data-desktop-swipe=\"false\" data-settings=\"\"> <div class=\"swiper-wrapper\"><\/div><div class=\"nectar-slider-loading \"> <span class=\"loading-icon none\">   <\/span> <\/div> <\/div> \n\t\t\t\t\t\n\t\t\t\t\t<\/div>[\/vc_column][\/vc_row][vc_row type=&#8220;in_container&#8220; full_screen_row_position=&#8220;middle&#8220; scene_position=&#8220;center&#8220; text_color=&#8220;dark&#8220; text_align=&#8220;left&#8220; overlay_strength=&#8220;0.3&#8243; shape_divider_position=&#8220;bottom&#8220;][vc_column column_padding=&#8220;no-extra-padding&#8220; column_padding_position=&#8220;all&#8220; background_color_opacity=&#8220;1&#8243; background_hover_color_opacity=&#8220;1&#8243; column_shadow=&#8220;none&#8220; column_border_radius=&#8220;none&#8220; width=&#8220;2\/3&#8243; tablet_text_alignment=&#8220;default&#8220; phone_text_alignment=&#8220;default&#8220; column_border_width=&#8220;none&#8220; column_border_style=&#8220;solid&#8220;][vc_column_text]<strong>SMOC Industries<\/strong> wurde 1946 gegr\u00fcndet. Ihre Hauptt\u00e4tigkeit besteht aus dem Handel von Schneidwerkzeugen. Seit 60 Jahren ist das Unternehmen auf diese Art von Werkzeugen spezialisiert. 1969 begann das Unternehmen R\u00e4umwerkzeuge herzustellen.<\/p>\n<p>Im Jahr 2017 wurde ein Umsatz von 10,5 Milionen\u20ac mit 105 Mitarbeitern erreicht. Die SMOC-Produkte sind als Spitzentechnologie bekannt und werden weltweit verkauft (Frankreich, Deutschland, Italien, Japan, China, Indien&#8230;.).<\/p>\n<p>Aufgrund der hohen Nachfrage im Luftfahrt- und Gasturbinengesch\u00e4ft hat SMOC im M\u00e4rz 2017 eine hochmoderne 1660m\u00b2-gro\u00dfe\u00a0 Werkhalle f\u00fcr Luftfahrt und Werkzeugmanagement er\u00f6ffnet. F\u00fcr 2019 erwartet Smoc Industries einen Umsatz von 12.5 Mio. \u20ac mit 110 Mitarbeitern.<\/p>\n<p>Dank seiner Engineering Abteilung ist SMOC Industries in der Lage, Werkzeuge nach den Anforderungen\/Spezifikationen der Kunden in 3D zu konzeptionieren.<\/p>\n<p>Zus\u00e4tzlich zu der Herstellung neuer Werkzeuge verf\u00fcgt SMOC Industries \u00fcber andere F\u00e4higkeiten, wie die Nachschleifung von Werkzeugen (ohne Unterbrechung, 7 Tage pro Woche), Werkzeugreparaturen, Werkzeugmanagement (Nachschleifen, Standzeitkontrolle, Umtausch, etc&#8230;) und f\u00fcr einige Kunden technische Unterst\u00fctzung vor Ort.<\/p>\n<p>Au\u00dferdem ist die Produktion bei SMOC Industries in Sektoren geteilt, die sich an einer Art Werkzeug orientieren, je nach Wunsch unserer Kunden f\u00fcr Gespr\u00e4chspartnern, die spezifischer auf ihr Werkzeugsortiment spezialisiert sind (d.h. Innenr\u00e4umwerkzeuge, Aussenr\u00e4umwerkzeuge und -rack, Tannenbaumr\u00e4umwerkzeuge, Nachschleif- und Reparaturarbeiten).[\/vc_column_text][\/vc_column][vc_column column_padding=&#8220;no-extra-padding&#8220; column_padding_position=&#8220;all&#8220; background_color_opacity=&#8220;1&#8243; background_hover_color_opacity=&#8220;1&#8243; column_shadow=&#8220;none&#8220; column_border_radius=&#8220;none&#8220; width=&#8220;1\/3&#8243; tablet_text_alignment=&#8220;default&#8220; phone_text_alignment=&#8220;default&#8220; column_border_width=&#8220;none&#8220; column_border_style=&#8220;solid&#8220;][vc_gallery type=&#8220;flexslider_style&#8220; images=&#8220;210,249,225,246,211&#8243; onclick=&#8220;link_no&#8220;]<div  data-transition=\"slide\" data-overall_style=\"classic\" data-flexible-height=\"\" data-animate-in-effect=\"none\" data-fullscreen=\"false\" data-button-sizing=\"regular\" data-button-styling=\"btn_with_count\" data-autorotate=\"\" data-parallax=\"false\" data-parallax-disable-mobile=\"\" data-caption-trans=\"fade_in_from_bottom\" data-parallax-style=\"bg_only\" data-bg-animation=\"none\" data-full-width=\"false\" class=\"nectar-slider-wrap \" id=\"nectar-slider-instance-2\"><div class=\"swiper-container\"  data-tho=\"auto\" data-tco=\"auto\" data-pho=\"auto\" data-pco=\"auto\" data-loop=\"false\" data-height=\"650\" data-min-height=\"\" data-arrows=\"false\" data-bullets=\"false\" data-bullet_style=\"see_through\" data-bullet_position=\"bottom\" data-desktop-swipe=\"false\" data-settings=\"\"> <div class=\"swiper-wrapper\"><\/div><div class=\"nectar-slider-loading \"> <span class=\"loading-icon none\">   <\/span> <\/div> <\/div> \n\t\t\t\t\t\n\t\t\t\t\t<\/div>[\/vc_column][\/vc_row]\n","protected":false},"excerpt":{"rendered":"<p>[vc_row type=&#8220;in_container&#8220; full_screen_row_position=&#8220;middle&#8220; scene_position=&#8220;center&#8220; text_color=&#8220;dark&#8220; text_align=&#8220;left&#8220; overlay_strength=&#8220;0.3&#8243; shape_divider_position=&#8220;bottom&#8220;][vc_column column_padding=&#8220;no-extra-padding&#8220; column_padding_position=&#8220;all&#8220; background_color_opacity=&#8220;1&#8243; background_hover_color_opacity=&#8220;1&#8243; column_shadow=&#8220;none&#8220; column_border_radius=&#8220;none&#8220; width=&#8220;2\/3&#8243; tablet_text_alignment=&#8220;default&#8220; phone_text_alignment=&#8220;default&#8220; column_border_width=&#8220;none&#8220; column_border_style=&#8220;solid&#8220;][vc_column_text]SMOC Industries wurde 1946 gegr\u00fcndet. Ihre Hauptt\u00e4tigkeit besteht aus dem Handel von&#8230;<\/p>\n","protected":false},"author":1,"featured_media":0,"parent":1897,"menu_order":0,"comment_status":"closed","ping_status":"open","template":"page-sidebar.php","meta":{"footnotes":""},"class_list":["post-1862","page","type-page","status-publish"],"yoast_head":"<!-- This site is optimized with the Yoast SEO plugin v27.5 - https:\/\/yoast.com\/product\/yoast-seo-wordpress\/ -->\n<title>SMOC Industries - SMOC Industries<\/title>\n<meta name=\"robots\" content=\"index, follow, max-snippet:-1, max-image-preview:large, max-video-preview:-1\" \/>\n<link rel=\"canonical\" href=\"https:\/\/www.smoc.fr\/de\/\" \/>\n<meta property=\"og:locale\" content=\"de_DE\" \/>\n<meta property=\"og:type\" content=\"article\" \/>\n<meta property=\"og:title\" content=\"SMOC Industries - SMOC Industries\" \/>\n<meta property=\"og:description\" content=\"[vc_row type=&#8220;in_container&#8220; full_screen_row_position=&#8220;middle&#8220; scene_position=&#8220;center&#8220; text_color=&#8220;dark&#8220; text_align=&#8220;left&#8220; overlay_strength=&#8220;0.3&#8243; shape_divider_position=&#8220;bottom&#8220;][vc_column column_padding=&#8220;no-extra-padding&#8220; column_padding_position=&#8220;all&#8220; background_color_opacity=&#8220;1&#8243; background_hover_color_opacity=&#8220;1&#8243; column_shadow=&#8220;none&#8220; column_border_radius=&#8220;none&#8220; width=&#8220;2\/3&#8243; tablet_text_alignment=&#8220;default&#8220; phone_text_alignment=&#8220;default&#8220; column_border_width=&#8220;none&#8220; column_border_style=&#8220;solid&#8220;][vc_column_text]SMOC Industries wurde 1946 gegr\u00fcndet. Ihre Hauptt\u00e4tigkeit besteht aus dem Handel von...\" \/>\n<meta property=\"og:url\" content=\"https:\/\/www.smoc.fr\/de\/\" \/>\n<meta property=\"og:site_name\" content=\"SMOC Industries\" \/>\n<meta property=\"article:publisher\" content=\"https:\/\/www.facebook.com\/smocindustries\/\" \/>\n<meta property=\"article:modified_time\" content=\"2022-05-02T16:39:25+00:00\" \/>\n<meta name=\"twitter:card\" content=\"summary_large_image\" \/>\n<meta name=\"twitter:label1\" content=\"Gesch\u00e4tzte Lesezeit\" \/>\n\t<meta name=\"twitter:data1\" content=\"3\u00a0Minuten\" \/>\n<script type=\"application\/ld+json\" class=\"yoast-schema-graph\">{\"@context\":\"https:\\\/\\\/schema.org\",\"@graph\":[{\"@type\":\"WebPage\",\"@id\":\"https:\\\/\\\/www.smoc.fr\\\/de\\\/\",\"url\":\"https:\\\/\\\/www.smoc.fr\\\/de\\\/\",\"name\":\"SMOC Industries - SMOC Industries\",\"isPartOf\":{\"@id\":\"https:\\\/\\\/www.smoc.fr\\\/#website\"},\"datePublished\":\"2019-08-29T12:50:57+00:00\",\"dateModified\":\"2022-05-02T16:39:25+00:00\",\"breadcrumb\":{\"@id\":\"https:\\\/\\\/www.smoc.fr\\\/de\\\/#breadcrumb\"},\"inLanguage\":\"de\",\"potentialAction\":[{\"@type\":\"ReadAction\",\"target\":[\"https:\\\/\\\/www.smoc.fr\\\/de\\\/\"]}]},{\"@type\":\"BreadcrumbList\",\"@id\":\"https:\\\/\\\/www.smoc.fr\\\/de\\\/#breadcrumb\",\"itemListElement\":[{\"@type\":\"ListItem\",\"position\":1,\"name\":\"Accueil\",\"item\":\"https:\\\/\\\/www.smoc.fr\\\/de\\\/\"},{\"@type\":\"ListItem\",\"position\":2,\"name\":\"SMOC Industries\",\"item\":\"https:\\\/\\\/www.smoc.fr\\\/de\\\/smoc-industries-2\\\/\"},{\"@type\":\"ListItem\",\"position\":3,\"name\":\"SMOC Industries\"}]},{\"@type\":\"WebSite\",\"@id\":\"https:\\\/\\\/www.smoc.fr\\\/#website\",\"url\":\"https:\\\/\\\/www.smoc.fr\\\/\",\"name\":\"SMOC Industries\",\"description\":\"Taill\u00e9 pour la forme\",\"publisher\":{\"@id\":\"https:\\\/\\\/www.smoc.fr\\\/#organization\"},\"potentialAction\":[{\"@type\":\"SearchAction\",\"target\":{\"@type\":\"EntryPoint\",\"urlTemplate\":\"https:\\\/\\\/www.smoc.fr\\\/?s={search_term_string}\"},\"query-input\":{\"@type\":\"PropertyValueSpecification\",\"valueRequired\":true,\"valueName\":\"search_term_string\"}}],\"inLanguage\":\"de\"},{\"@type\":\"Organization\",\"@id\":\"https:\\\/\\\/www.smoc.fr\\\/#organization\",\"name\":\"SMOC Industries\",\"url\":\"https:\\\/\\\/www.smoc.fr\\\/\",\"logo\":{\"@type\":\"ImageObject\",\"inLanguage\":\"de\",\"@id\":\"https:\\\/\\\/www.smoc.fr\\\/#\\\/schema\\\/logo\\\/image\\\/\",\"url\":\"http:\\\/\\\/www.smoc.fr\\\/wp-content\\\/uploads\\\/2017\\\/06\\\/SMOC_logo.png\",\"contentUrl\":\"http:\\\/\\\/www.smoc.fr\\\/wp-content\\\/uploads\\\/2017\\\/06\\\/SMOC_logo.png\",\"width\":579,\"height\":182,\"caption\":\"SMOC Industries\"},\"image\":{\"@id\":\"https:\\\/\\\/www.smoc.fr\\\/#\\\/schema\\\/logo\\\/image\\\/\"},\"sameAs\":[\"https:\\\/\\\/www.facebook.com\\\/smocindustries\\\/\"]}]}<\/script>\n<!-- \/ Yoast SEO plugin. -->","yoast_head_json":{"title":"SMOC Industries - SMOC Industries","robots":{"index":"index","follow":"follow","max-snippet":"max-snippet:-1","max-image-preview":"max-image-preview:large","max-video-preview":"max-video-preview:-1"},"canonical":"https:\/\/www.smoc.fr\/de\/","og_locale":"de_DE","og_type":"article","og_title":"SMOC Industries - SMOC Industries","og_description":"[vc_row type=&#8220;in_container&#8220; full_screen_row_position=&#8220;middle&#8220; scene_position=&#8220;center&#8220; text_color=&#8220;dark&#8220; text_align=&#8220;left&#8220; overlay_strength=&#8220;0.3&#8243; shape_divider_position=&#8220;bottom&#8220;][vc_column column_padding=&#8220;no-extra-padding&#8220; column_padding_position=&#8220;all&#8220; background_color_opacity=&#8220;1&#8243; background_hover_color_opacity=&#8220;1&#8243; column_shadow=&#8220;none&#8220; column_border_radius=&#8220;none&#8220; width=&#8220;2\/3&#8243; tablet_text_alignment=&#8220;default&#8220; phone_text_alignment=&#8220;default&#8220; column_border_width=&#8220;none&#8220; column_border_style=&#8220;solid&#8220;][vc_column_text]SMOC Industries wurde 1946 gegr\u00fcndet. Ihre Hauptt\u00e4tigkeit besteht aus dem Handel von...","og_url":"https:\/\/www.smoc.fr\/de\/","og_site_name":"SMOC Industries","article_publisher":"https:\/\/www.facebook.com\/smocindustries\/","article_modified_time":"2022-05-02T16:39:25+00:00","twitter_card":"summary_large_image","twitter_misc":{"Gesch\u00e4tzte Lesezeit":"3\u00a0Minuten"},"schema":{"@context":"https:\/\/schema.org","@graph":[{"@type":"WebPage","@id":"https:\/\/www.smoc.fr\/de\/","url":"https:\/\/www.smoc.fr\/de\/","name":"SMOC Industries - SMOC Industries","isPartOf":{"@id":"https:\/\/www.smoc.fr\/#website"},"datePublished":"2019-08-29T12:50:57+00:00","dateModified":"2022-05-02T16:39:25+00:00","breadcrumb":{"@id":"https:\/\/www.smoc.fr\/de\/#breadcrumb"},"inLanguage":"de","potentialAction":[{"@type":"ReadAction","target":["https:\/\/www.smoc.fr\/de\/"]}]},{"@type":"BreadcrumbList","@id":"https:\/\/www.smoc.fr\/de\/#breadcrumb","itemListElement":[{"@type":"ListItem","position":1,"name":"Accueil","item":"https:\/\/www.smoc.fr\/de\/"},{"@type":"ListItem","position":2,"name":"SMOC Industries","item":"https:\/\/www.smoc.fr\/de\/smoc-industries-2\/"},{"@type":"ListItem","position":3,"name":"SMOC Industries"}]},{"@type":"WebSite","@id":"https:\/\/www.smoc.fr\/#website","url":"https:\/\/www.smoc.fr\/","name":"SMOC Industries","description":"Taill\u00e9 pour la forme","publisher":{"@id":"https:\/\/www.smoc.fr\/#organization"},"potentialAction":[{"@type":"SearchAction","target":{"@type":"EntryPoint","urlTemplate":"https:\/\/www.smoc.fr\/?s={search_term_string}"},"query-input":{"@type":"PropertyValueSpecification","valueRequired":true,"valueName":"search_term_string"}}],"inLanguage":"de"},{"@type":"Organization","@id":"https:\/\/www.smoc.fr\/#organization","name":"SMOC Industries","url":"https:\/\/www.smoc.fr\/","logo":{"@type":"ImageObject","inLanguage":"de","@id":"https:\/\/www.smoc.fr\/#\/schema\/logo\/image\/","url":"http:\/\/www.smoc.fr\/wp-content\/uploads\/2017\/06\/SMOC_logo.png","contentUrl":"http:\/\/www.smoc.fr\/wp-content\/uploads\/2017\/06\/SMOC_logo.png","width":579,"height":182,"caption":"SMOC Industries"},"image":{"@id":"https:\/\/www.smoc.fr\/#\/schema\/logo\/image\/"},"sameAs":["https:\/\/www.facebook.com\/smocindustries\/"]}]}},"_links":{"self":[{"href":"https:\/\/www.smoc.fr\/de\/wp-json\/wp\/v2\/pages\/1862","targetHints":{"allow":["GET"]}}],"collection":[{"href":"https:\/\/www.smoc.fr\/de\/wp-json\/wp\/v2\/pages"}],"about":[{"href":"https:\/\/www.smoc.fr\/de\/wp-json\/wp\/v2\/types\/page"}],"author":[{"embeddable":true,"href":"https:\/\/www.smoc.fr\/de\/wp-json\/wp\/v2\/users\/1"}],"replies":[{"embeddable":true,"href":"https:\/\/www.smoc.fr\/de\/wp-json\/wp\/v2\/comments?post=1862"}],"version-history":[{"count":9,"href":"https:\/\/www.smoc.fr\/de\/wp-json\/wp\/v2\/pages\/1862\/revisions"}],"predecessor-version":[{"id":1947,"href":"https:\/\/www.smoc.fr\/de\/wp-json\/wp\/v2\/pages\/1862\/revisions\/1947"}],"up":[{"embeddable":true,"href":"https:\/\/www.smoc.fr\/de\/wp-json\/wp\/v2\/pages\/1897"}],"wp:attachment":[{"href":"https:\/\/www.smoc.fr\/de\/wp-json\/wp\/v2\/media?parent=1862"}],"curies":[{"name":"wp","href":"https:\/\/api.w.org\/{rel}","templated":true}]}}